{"id":138,"date":"2022-10-18T17:37:47","date_gmt":"2022-10-18T17:37:47","guid":{"rendered":"https:\/\/www.theboyswholived.com\/team\/"},"modified":"2023-01-05T19:18:55","modified_gmt":"2023-01-05T19:18:55","slug":"team","status":"publish","type":"page","link":"https:\/\/www.theboyswholived.com\/de\/team\/","title":{"rendered":"Team"},"content":{"rendered":"\n<div class=\"wp-block-columns is-layout-flex wp-container-core-columns-is-layout-9d6595d7 wp-block-columns-is-layout-flex\">\n<div class=\"wp-block-column is-layout-flow wp-block-column-is-layout-flow\" style=\"flex-basis:50%\">\n<p><strong>Elias Danner, Regisseur<\/strong><\/p>\n\n\n\n<figure class=\"wp-block-image size-full\"><img loading=\"lazy\" decoding=\"async\" width=\"1024\" height=\"683\" src=\"https:\/\/www.theboyswholived.com\/wp-content\/uploads\/2022\/10\/elias_danner_maui-3.jpg\" alt=\"\" class=\"wp-image-84\" srcset=\"https:\/\/www.theboyswholived.com\/wp-content\/uploads\/2022\/10\/elias_danner_maui-3.jpg 1024w, https:\/\/www.theboyswholived.com\/wp-content\/uploads\/2022\/10\/elias_danner_maui-3-300x200.jpg 300w, https:\/\/www.theboyswholived.com\/wp-content\/uploads\/2022\/10\/elias_danner_maui-3-768x512.jpg 768w\" sizes=\"auto, (max-width: 1024px) 100vw, 1024px\" \/><\/figure>\n\n\n<p>Elias Danner ist ein deutscher Regisseur und Fotograf mit \u00fcber 9 Jahren Erfahrung als Kameramann und Director of Photography. Er hat seine F\u00e4higkeiten in Vancouver, Toronto und New York ausgebaut und seine Arbeit und Leidenschaft f\u00fcr das Geschichtenerz\u00e4hlen und die visuelle Kunst haben ihn in \u00fcber 30 L\u00e4nder auf 5 Kontinenten gebracht.<\/p>\n\n\n\n<p>Er bestieg den Kilimanjaro, um den Dokumentarfilm &#8222;Living Earth&#8220; zu drehen, der in ausgew\u00e4hlten Kinos in Deutschland lief. Seitdem hat er bei verschiedenen Kurzfilmen, Dokumentarfilmen und Werbespots Regie gef\u00fchrt und arbeitet leidenschaftlich daran, fesselnde und einzigartige Geschichten zum Leben erwecken.<\/p>\n\n\n\n<p class=\"has-small-font-size\">Foto: Tenzin Sherpa<\/p>\n<\/div>\n\n\n\n<div class=\"wp-block-column is-layout-flow wp-block-column-is-layout-flow\" style=\"flex-basis:50%\">\n<p><strong>Alissa Aubenque, Produzentin<\/strong><\/p>\n\n\n\n<figure class=\"wp-block-image size-full\"><img loading=\"lazy\" decoding=\"async\" width=\"1024\" height=\"683\" src=\"https:\/\/www.theboyswholived.com\/wp-content\/uploads\/2022\/10\/alissa_aubenque_maui-1.jpg\" alt=\"\" class=\"wp-image-78\" srcset=\"https:\/\/www.theboyswholived.com\/wp-content\/uploads\/2022\/10\/alissa_aubenque_maui-1.jpg 1024w, https:\/\/www.theboyswholived.com\/wp-content\/uploads\/2022\/10\/alissa_aubenque_maui-1-300x200.jpg 300w, https:\/\/www.theboyswholived.com\/wp-content\/uploads\/2022\/10\/alissa_aubenque_maui-1-768x512.jpg 768w\" sizes=\"auto, (max-width: 1024px) 100vw, 1024px\" \/><\/figure>\n\n\n<p>Alissa Aubenque ist eine deutsch-franz\u00f6sische Produzentin mit Sitz in Paris. Sie war an der Produktion von Fernsehserien, internationalen Koproduktionen und Spielfilmen beteiligt, darunter Xenius f\u00fcr Arte, f\u00fcr welches sie zwei Episoden schrieb und Regie f\u00fchrte. Sie hat Kurzfilme junger deutscher Regisseurinnen produziert, darunter Heimat Europa von Isabel Jansson (Bayerischer Rundfunk) und Artgerecht von Carly Coco Schrader (Arte), und entwickelt derzeit mit ihrer Firma Calista Films einen Musikspielfilm, einen deutsch-franz\u00f6sischen Dokumentarfilm und verschiedene Kurzfilme.<\/p>\n\n\n\n<p>Alissa Aubenque setzt sich au\u00dferdem f\u00fcr eine nachhaltigere Filmindustrie ein und ist als Leiterin der franz\u00f6sischen Initiative Ecoprod t\u00e4tig. Alissa Aubenque ist Absolventin des Ateliers Ludwigsburg-Paris von La F\u00e9mis und der Filmakademie Baden-W\u00fcrttemberg.<\/p>\n\n\n\n<p class=\"has-small-font-size\">Foto: Lena Graef<\/p>\n<\/div>\n<\/div>\n","protected":false},"excerpt":{"rendered":"<p>Elias Danner, Regisseur Elias Danner ist ein deutscher Regisseur und Fotograf mit \u00fcber 9 Jahren Erfahrung als Kameramann und Director of Photography. Er hat seine F\u00e4higkeiten in Vancouver, Toronto und New York ausgebaut und seine Arbeit und Leidenschaft f\u00fcr das Geschichtenerz\u00e4hlen und die visuelle Kunst haben ihn in \u00fcber 30 L\u00e4nder auf 5 Kontinenten gebracht. [&hellip;]<\/p>\n","protected":false},"author":1,"featured_media":0,"parent":0,"menu_order":0,"comment_status":"closed","ping_status":"closed","template":"","meta":{"footnotes":""},"class_list":["post-138","page","type-page","status-publish","hentry"],"_links":{"self":[{"href":"https:\/\/www.theboyswholived.com\/de\/wp-json\/wp\/v2\/pages\/138","targetHints":{"allow":["GET"]}}],"collection":[{"href":"https:\/\/www.theboyswholived.com\/de\/wp-json\/wp\/v2\/pages"}],"about":[{"href":"https:\/\/www.theboyswholived.com\/de\/wp-json\/wp\/v2\/types\/page"}],"author":[{"embeddable":true,"href":"https:\/\/www.theboyswholived.com\/de\/wp-json\/wp\/v2\/users\/1"}],"replies":[{"embeddable":true,"href":"https:\/\/www.theboyswholived.com\/de\/wp-json\/wp\/v2\/comments?post=138"}],"version-history":[{"count":3,"href":"https:\/\/www.theboyswholived.com\/de\/wp-json\/wp\/v2\/pages\/138\/revisions"}],"predecessor-version":[{"id":237,"href":"https:\/\/www.theboyswholived.com\/de\/wp-json\/wp\/v2\/pages\/138\/revisions\/237"}],"wp:attachment":[{"href":"https:\/\/www.theboyswholived.com\/de\/wp-json\/wp\/v2\/media?parent=138"}],"curies":[{"name":"wp","href":"https:\/\/api.w.org\/{rel}","templated":true}]}}